{"id":1029,"date":"2025-01-22T13:14:39","date_gmt":"2025-01-22T13:14:39","guid":{"rendered":"https:\/sobre\/"},"modified":"2025-06-11T23:12:04","modified_gmt":"2025-06-11T23:12:04","slug":"acerca-de","status":"publish","type":"page","link":"https:\/\/bloxnoticias.com.br\/es\/acerca-de\/","title":{"rendered":"Acerca de"},"content":{"rendered":"<p data-sourcepos=\"1:1-1:473\">Prep\u00e1rese para sumergirse en el mundo de la informaci\u00f3n con el <strong>Noticias Blox<\/strong>Blox Not\u00edcias es tu nuevo destino online para estar al d\u00eda de todo lo que ocurre en el mundo de los juegos, la productividad y las noticias en general. Desarrollado con un enfoque en la experiencia del usuario y la entrega de contenido relevante y de alta calidad, Blox Not\u00edcias se presenta como una plataforma din\u00e1mica, intuitiva y completa, dise\u00f1ada para satisfacer las necesidades de un p\u00fablico diverso y exigente.<\/p>\n<hr data-sourcepos=\"3:1-3:3\" \/>\n<h2 data-sourcepos=\"5:1-5:52\"><strong>Un centro completo para su d\u00eda a d\u00eda digital<\/strong><\/h2>\n<p data-sourcepos=\"7:1-7:169\">Blox Not\u00edcias es m\u00e1s que un sitio de noticias; es un centro de conocimiento y entretenimiento que integra tres pilares fundamentales de la vida digital contempor\u00e1nea.<\/p>\n<p data-sourcepos=\"9:1-9:1149\">No <strong>universo de juego<\/strong>Blox News destaca como fuente inagotable de informaci\u00f3n para jugadores de todos los niveles. Cubrimos desde los lanzamientos m\u00e1s esperados y las \u00faltimas tendencias del mercado hasta an\u00e1lisis en profundidad de juegos para todas las plataformas: PC, consolas y m\u00f3viles. Nuestras noticias sobre eSports te traen los resultados de los campeonatos m\u00e1s importantes, perfiles de jugadores profesionales y an\u00e1lisis t\u00e1cticos, para que est\u00e9s al d\u00eda de la escena competitiva, en constante evoluci\u00f3n. Adem\u00e1s, te ofrecemos gu\u00edas y consejos para mejorar tu juego, entrevistas exclusivas con desarrolladores y miembros de la comunidad, y debates sobre los temas m\u00e1s candentes del mundo de los videojuegos. \u00bfQuieres saber cu\u00e1l es el pr\u00f3ximo gran t\u00edtulo? Blox News tiene la respuesta. \u00bfNecesitas una estrategia para vencer a ese dif\u00edcil jefe? Nuestras gu\u00edas est\u00e1n aqu\u00ed para ayudarte. \u00bfQuieres estar al tanto de las pol\u00e9micas y discusiones que agitan a la comunidad de jugadores? Este es tu sitio. Nuestro equipo de redactores, apasionados de los juegos, trabaja sin descanso para ofrecerte los contenidos m\u00e1s frescos y relevantes, con un lenguaje que habla directamente al jugador.<\/p>\n<hr data-sourcepos=\"11:1-11:3\" \/>\n<h2 data-sourcepos=\"13:1-13:66\"><strong>Productividad: Optimice su tiempo, maximice sus resultados<\/strong><\/h2>\n<p data-sourcepos=\"15:1-15:1172\">En el <strong>productividad<\/strong>Blox Not\u00edcias ofrece una amplia colecci\u00f3n de art\u00edculos, consejos y herramientas para ayudarle a optimizar su tiempo, gestionar sus tareas y alcanzar sus objetivos. Abarcamos desde m\u00e9todos de organizaci\u00f3n personal y profesional, como GTD (Getting Things Done) y la t\u00e9cnica Pomodoro, hasta el uso de software y aplicaciones que pueden revolucionar su rutina. Encuentre art\u00edculos sobre c\u00f3mo mejorar su concentraci\u00f3n, combatir la procrastinaci\u00f3n, crear h\u00e1bitos saludables y gestionar su estr\u00e9s. Presentamos rese\u00f1as de apps de productividad, tutoriales sobre c\u00f3mo utilizar herramientas online y consejos de expertos para aumentar tu eficacia en el trabajo y en tu vida personal. Si busca un equilibrio entre su vida laboral y personal, o simplemente quiere hacer m\u00e1s cosas en menos tiempo, nuestra secci\u00f3n de productividad es un valioso recurso. Creemos que la productividad no consiste s\u00f3lo en hacer m\u00e1s, sino en hacer lo correcto, de forma inteligente y sostenible. Nuestro objetivo es proporcionarle los conocimientos y las herramientas que necesita para desarrollar todo su potencial y llevar una vida m\u00e1s organizada y resuelta.<\/p>\n<hr data-sourcepos=\"17:1-17:3\" \/>\n<h2 data-sourcepos=\"19:1-19:58\"><strong>Noticias generales: El mundo a su alcance<\/strong><\/h2>\n<p data-sourcepos=\"21:1-21:991\">En <strong>noticias en general<\/strong> Blox News le mantiene informado sobre los acontecimientos m\u00e1s relevantes en Brasil y en todo el mundo. Con una cobertura exhaustiva, cubrimos pol\u00edtica, econom\u00eda, tecnolog\u00eda, ciencia, cultura y mucho m\u00e1s. Nuestro equipo editorial se dedica a la investigaci\u00f3n rigurosa y a presentar la informaci\u00f3n de forma clara, concisa e imparcial. Le mantenemos al d\u00eda de la evoluci\u00f3n de las principales noticias, ofreci\u00e9ndole an\u00e1lisis y diferentes perspectivas para que pueda formarse su propia opini\u00f3n. Desde los grandes acontecimientos mundiales hasta las noticias locales que impactan en su d\u00eda a d\u00eda, Blox Not\u00edcias es su ventana al mundo. Damos prioridad a la credibilidad y a la responsabilidad period\u00edstica, garantizando que usted reciba informaci\u00f3n precisa y fiable. Si desea mantenerse informado sobre la pol\u00edtica nacional, comprender las fluctuaciones de los mercados financieros o descubrir las \u00faltimas innovaciones tecnol\u00f3gicas, nuestra secci\u00f3n de noticias generales es su gu\u00eda esencial.<\/p>\n<hr data-sourcepos=\"23:1-23:3\" \/>\n<h2 data-sourcepos=\"25:1-25:59\"><strong>Dise\u00f1o intuitivo y experiencia de usuario optimizada<\/strong><\/h2>\n<p data-sourcepos=\"27:1-27:597\">Presentamos un sitio web con un <strong>dise\u00f1o moderno e intuitivo<\/strong>El sitio web est\u00e1 dise\u00f1ado para ofrecer la mejor experiencia de navegaci\u00f3n. La interfaz limpia y organizada facilita la b\u00fasqueda de contenidos, con men\u00fas de navegaci\u00f3n claros y categor\u00edas bien definidas. La capacidad de respuesta de Blox Not\u00edcias garantiza que pueda acceder a todo el contenido de forma optimizada en cualquier dispositivo -ordenador de sobremesa, tableta o smartphone-, adapt\u00e1ndose perfectamente a su pantalla. Las p\u00e1ginas de carga r\u00e1pida, la tipograf\u00eda legible y el uso estrat\u00e9gico de im\u00e1genes y v\u00eddeos contribuyen a una experiencia de lectura agradable y atractiva.<\/p>\n<hr data-sourcepos=\"29:1-29:3\" \/>\n<h2 data-sourcepos=\"31:1-31:44\"><strong>Funciones adicionales e interactividad<\/strong><\/h2>\n<p data-sourcepos=\"33:1-33:99\">Adem\u00e1s del amplio contenido, Blox News ofrece funciones que enriquecen a\u00fan m\u00e1s su experiencia:<\/p>\n<ul data-sourcepos=\"35:1-41:0\">\n<li data-sourcepos=\"35:1-35:95\"><strong>B\u00fasqueda avanzada:<\/strong> Encuentre r\u00e1pidamente lo que busca con nuestra potente herramienta de b\u00fasqueda.<\/li>\n<li data-sourcepos=\"36:1-36:118\"><strong>Observaciones:<\/strong> Interact\u00fae con otros lectores y con nuestro equipo editorial compartiendo sus opiniones y puntos de vista.<\/li>\n<li data-sourcepos=\"37:1-37:142\"><strong>Bolet\u00edn de noticias:<\/strong> Reciba las principales noticias y art\u00edculos directamente en su bandeja de entrada, para no perderse ninguna actualizaci\u00f3n importante.<\/li>\n<li data-sourcepos=\"38:1-38:163\"><strong>Contenido multimedia:<\/strong> Disfrute de v\u00eddeos, podcasts y galer\u00edas de im\u00e1genes que complementan nuestros art\u00edculos, proporcionando una experiencia m\u00e1s rica y envolvente.<\/li>\n<li data-sourcepos=\"39:1-39:141\"><strong>Art\u00edculos relacionados:<\/strong> Descubra contenidos similares y profundice en los temas que le interesan con nuestras sugerencias de art\u00edculos relacionados.<\/li>\n<li data-sourcepos=\"40:1-41:0\"><strong>Integraci\u00f3n con las redes sociales:<\/strong> Comparte f\u00e1cilmente los art\u00edculos que m\u00e1s te gustan con tus amigos y seguidores.<\/li>\n<\/ul>\n<p data-sourcepos=\"42:1-42:474\">Blox Not\u00edcias es m\u00e1s que un sitio de noticias: es una comunidad. Es un espacio donde puedes informarte, aprender, divertirte y conectar con personas que comparten tus intereses. Nuestra misi\u00f3n es ser tu fuente de confianza para todo lo relevante en el mundo del juego, la productividad y las noticias en general. Te invitamos a explorar cada secci\u00f3n, leer nuestros art\u00edculos, participar en debates y hacer de Blox Not\u00edcias parte de tu d\u00eda a d\u00eda digital.<\/p>\n<p data-sourcepos=\"44:1-44:160\">Venga a formar parte de este viaje y descubra una nueva forma de conectar con la informaci\u00f3n. Blox Not\u00edcias est\u00e1 listo para ser su socio en el universo digital.<\/p>\n<p>Si tiene alguna pregunta sobre el Sitio, la Publicidad o cualquier otro asunto, no dude en ponerse en contacto con nosotros, estaremos encantados de responderle en nuestra p\u00e1gina de contacto, trabajamos 24 horas en este campo y tenemos experiencia suficiente para proporcionar enviar a contato@bloxnoticias.com.br<\/p>","protected":false},"excerpt":{"rendered":"<p>Prepare-se para mergulhar no universo da informa\u00e7\u00e3o com o Blox Not\u00edcias, o seu novo destino online para ficar por dentro de tudo o que acontece no mundo dos games, da produtividade e das not\u00edcias em geral. Desenvolvido com foco na experi\u00eancia do usu\u00e1rio e na entrega de conte\u00fado relevante e de alta qualidade, o Blox &#8230; <a title=\"Acerca de\" class=\"read-more\" href=\"https:\/\/bloxnoticias.com.br\/es\/acerca-de\/\" aria-label=\"Leer m\u00e1s sobre Sobre\">Leer m\u00e1s<\/a><\/p>","protected":false},"author":2,"featured_media":0,"parent":0,"menu_order":0,"comment_status":"closed","ping_status":"closed","template":"","meta":{"footnotes":""},"class_list":["post-1029","page","type-page","status-publish"],"_links":{"self":[{"href":"https:\/\/bloxnoticias.com.br\/es\/wp-json\/wp\/v2\/pages\/1029","targetHints":{"allow":["GET"]}}],"collection":[{"href":"https:\/\/bloxnoticias.com.br\/es\/wp-json\/wp\/v2\/pages"}],"about":[{"href":"https:\/\/bloxnoticias.com.br\/es\/wp-json\/wp\/v2\/types\/page"}],"author":[{"embeddable":true,"href":"https:\/\/bloxnoticias.com.br\/es\/wp-json\/wp\/v2\/users\/2"}],"replies":[{"embeddable":true,"href":"https:\/\/bloxnoticias.com.br\/es\/wp-json\/wp\/v2\/comments?post=1029"}],"version-history":[{"count":2,"href":"https:\/\/bloxnoticias.com.br\/es\/wp-json\/wp\/v2\/pages\/1029\/revisions"}],"predecessor-version":[{"id":1547,"href":"https:\/\/bloxnoticias.com.br\/es\/wp-json\/wp\/v2\/pages\/1029\/revisions\/1547"}],"wp:attachment":[{"href":"https:\/\/bloxnoticias.com.br\/es\/wp-json\/wp\/v2\/media?parent=1029"}],"curies":[{"name":"wp","href":"https:\/\/api.w.org\/{rel}","templated":true}]}}